{"id":7243,"date":"2022-11-29T16:05:48","date_gmt":"2022-11-29T15:05:48","guid":{"rendered":"https:\/\/camping-miramar.de\/?page_id=7243"},"modified":"2022-12-05T14:16:39","modified_gmt":"2022-12-05T13:16:39","slug":"espanol","status":"publish","type":"page","link":"https:\/\/camping-miramar.de\/en\/espanol\/","title":{"rendered":"Espanol"},"content":{"rendered":"<div class=\"fusion-fullwidth fullwidth-box fusion-builder-row-1 fusion-flex-container has-pattern-background has-mask-background nonhundred-percent-fullwidth non-hundred-percent-height-scrolling\" style=\"--awb-border-radius-top-left:0px;--awb-border-radius-top-right:0px;--awb-border-radius-bottom-right:0px;--awb-border-radius-bottom-left:0px;--awb-margin-top:40px;--awb-margin-bottom:0px;--awb-margin-top-small:100px;--awb-flex-wrap:wrap;\" ><div class=\"fusion-builder-row fusion-row fusion-flex-align-items-stretch fusion-flex-content-wrap\" style=\"max-width:1248px;margin-left: calc(-4% \/ 2 );margin-right: calc(-4% \/ 2 );\"><div class=\"fusion-layout-column fusion_builder_column fusion-builder-column-0 fusion_builder_column_1_3 1_3 fusion-flex-column fusion-no-small-visibility fusion-no-medium-visibility fusion-animated backgroundoffset\" style=\"--awb-bg-position:center center;--awb-bg-size:cover;--awb-width-large:33.333333333333%;--awb-margin-top-large:0px;--awb-spacing-right-large:5.76%;--awb-margin-bottom-large:20px;--awb-spacing-left-large:5.76%;--awb-width-medium:40%;--awb-order-medium:0;--awb-spacing-right-medium:4.8%;--awb-spacing-left-medium:4.8%;--awb-width-small:100%;--awb-order-small:0;--awb-spacing-right-small:1.92%;--awb-spacing-left-small:1.92%;\" data-animationtype=\"fadeInLeft\" data-animationduration=\"1.0\" data-animationoffset=\"top-into-view\"><div class=\"fusion-column-wrapper lazyload fusion-column-has-shadow fusion-flex-justify-content-flex-start fusion-content-layout-column fusion-empty-column-bg-image fusion-column-has-bg-image\" data-bg-url=\"https:\/\/camping-miramar.de\/wp-content\/uploads\/2022\/11\/Wohnmobil_DSC7951.jpg\" data-bg=\"https:\/\/camping-miramar.de\/wp-content\/uploads\/2022\/11\/Wohnmobil_DSC7951.jpg\"><img decoding=\"async\" class=\"fusion-empty-dims-img-placeholder fusion-no-large-visibility fusion-no-medium-visibility\" alt=\"Camping Miramar\" aria-label=\"Camping Miramar\" src=\"data:image\/svg+xml,%3Csvg%20xmlns%3D%27http%3A%2F%2Fwww.w3.org%2F2000%2Fsvg%27%20width%3D%271200%27%20height%3D%27800%27%20viewBox%3D%270%200%201200%20800%27%3E%3Crect%20width%3D%271200%27%20height%3D%27800%27%20fill-opacity%3D%220%22%2F%3E%3C%2Fsvg%3E\"><\/div><\/div><div class=\"fusion-layout-column fusion_builder_column fusion-builder-column-1 fusion_builder_column_1_2 1_2 fusion-flex-column fusion-no-small-visibility fusion-no-large-visibility\" style=\"--awb-bg-size:cover;--awb-width-large:50%;--awb-margin-top-large:0px;--awb-spacing-right-large:3.84%;--awb-margin-bottom-large:20px;--awb-spacing-left-large:3.84%;--awb-width-medium:40%;--awb-order-medium:0;--awb-spacing-right-medium:4.8%;--awb-spacing-left-medium:4.8%;--awb-width-small:100%;--awb-order-small:1;--awb-spacing-right-small:1.92%;--awb-spacing-left-small:1.92%;\"><div class=\"fusion-column-wrapper fusion-column-has-shadow fusion-flex-justify-content-flex-start fusion-content-layout-column\"><div class=\"fusion-image-element\" style=\"--awb-aspect-ratio:9 \/ 21;--awb-object-position:84% 33%;--awb-caption-title-font-family:var(--h2_typography-font-family);--awb-caption-title-font-weight:var(--h2_typography-font-weight);--awb-caption-title-font-style:var(--h2_typography-font-style);--awb-caption-title-size:var(--h2_typography-font-size);--awb-caption-title-transform:var(--h2_typography-text-transform);--awb-caption-title-line-height:var(--h2_typography-line-height);--awb-caption-title-letter-spacing:var(--h2_typography-letter-spacing);\"><span class=\"fusion-imageframe imageframe-none imageframe-1 hover-type-none has-aspect-ratio\"><img decoding=\"async\" width=\"1200\" height=\"800\" alt=\"Camping Miramar\" title=\"Camping Miramar\" src=\"https:\/\/camping-miramar.de\/wp-content\/uploads\/2022\/11\/Wohnmobil_DSC7951.jpg\" data-orig-src=\"https:\/\/camping-miramar.de\/wp-content\/uploads\/2022\/11\/Wohnmobil_DSC7951.jpg\" class=\"lazyload img-responsive wp-image-6620 img-with-aspect-ratio\" data-parent-fit=\"cover\" data-parent-container=\".fusion-image-element\" srcset=\"data:image\/svg+xml,%3Csvg%20xmlns%3D%27http%3A%2F%2Fwww.w3.org%2F2000%2Fsvg%27%20width%3D%271200%27%20height%3D%27800%27%20viewBox%3D%270%200%201200%20800%27%3E%3Crect%20width%3D%271200%27%20height%3D%27800%27%20fill-opacity%3D%220%22%2F%3E%3C%2Fsvg%3E\" data-srcset=\"https:\/\/camping-miramar.de\/wp-content\/uploads\/2022\/11\/Wohnmobil_DSC7951-200x133.jpg 200w, https:\/\/camping-miramar.de\/wp-content\/uploads\/2022\/11\/Wohnmobil_DSC7951-400x267.jpg 400w, https:\/\/camping-miramar.de\/wp-content\/uploads\/2022\/11\/Wohnmobil_DSC7951-600x400.jpg 600w, https:\/\/camping-miramar.de\/wp-content\/uploads\/2022\/11\/Wohnmobil_DSC7951-800x533.jpg 800w, https:\/\/camping-miramar.de\/wp-content\/uploads\/2022\/11\/Wohnmobil_DSC7951.jpg 1200w\" data-sizes=\"auto\" data-orig-sizes=\"(max-width: 1024px) 100vw, (max-width: 640px) 100vw, 600px\" \/><\/span><\/div><\/div><\/div><div class=\"fusion-layout-column fusion_builder_column fusion-builder-column-2 fusion_builder_column_2_3 2_3 fusion-flex-column fusion-animated\" style=\"--awb-bg-size:cover;--awb-width-large:66.666666666667%;--awb-margin-top-large:0px;--awb-spacing-right-large:2.88%;--awb-margin-bottom-large:20px;--awb-spacing-left-large:2.88%;--awb-width-medium:60%;--awb-order-medium:0;--awb-spacing-right-medium:3.2%;--awb-spacing-left-medium:3.2%;--awb-width-small:100%;--awb-order-small:2;--awb-spacing-right-small:1.92%;--awb-spacing-left-small:1.92%;\" data-animationtype=\"fadeInRight\" data-animationduration=\"1.0\" data-animationoffset=\"top-into-view\"><div class=\"fusion-column-wrapper fusion-column-has-shadow fusion-flex-justify-content-flex-start fusion-content-layout-column\"><div class=\"fusion-builder-row fusion-builder-row-inner fusion-row fusion-flex-align-items-stretch fusion-flex-content-wrap\" style=\"--awb-flex-grow:0;--awb-flex-grow-medium:0;--awb-flex-grow-small:0;--awb-flex-shrink:0;--awb-flex-shrink-medium:0;--awb-flex-shrink-small:0;width:104% !important;max-width:104% !important;margin-left: calc(-4% \/ 2 );margin-right: calc(-4% \/ 2 );\"><div class=\"fusion-layout-column fusion_builder_column_inner fusion-builder-nested-column-0 fusion_builder_column_inner_1_1 1_1 fusion-flex-column\" style=\"--awb-bg-size:cover;--awb-width-large:100%;--awb-margin-top-large:0px;--awb-spacing-right-large:1.92%;--awb-margin-bottom-large:0px;--awb-spacing-left-large:1.92%;--awb-width-medium:100%;--awb-order-medium:0;--awb-spacing-right-medium:1.92%;--awb-margin-bottom-medium:0px;--awb-spacing-left-medium:1.92%;--awb-width-small:100%;--awb-order-small:0;--awb-spacing-right-small:1.92%;--awb-spacing-left-small:1.92%;\"><div class=\"fusion-column-wrapper fusion-column-has-shadow fusion-flex-justify-content-flex-start fusion-content-layout-row\"><i class=\"fb-icon-element-1 fb-icon-element fontawesome-icon fa-campground fas circle-no fusion-text-flow\" style=\"--awb-iconcolor:var(--awb-custom_color_1);--awb-iconcolor-hover:var(--awb-custom_color_1);--awb-font-size:24px;--awb-margin-bottom:0px;\"><\/i>\n<div class=\"fusion-title title fusion-title-1 fusion-sep-none fusion-title-text fusion-title-size-three\" style=\"--awb-margin-bottom:0px;--awb-margin-top-small:0px;--awb-margin-bottom-small:20px;--awb-margin-bottom-medium:0px;\"><h3 class=\"fusion-title-heading title-heading-left fusion-responsive-typography-calculated\" style=\"margin:0;text-transform:none;--fontSize:19;--minFontSize:19;line-height:1.35;\">Espa\u00f1ol<\/h3><\/div><\/div><\/div><\/div><div class=\"fusion-title title fusion-title-2 fusion-sep-none fusion-title-text fusion-title-size-one\" style=\"--awb-text-color:var(--awb-color5);--awb-margin-top-small:0px;--awb-margin-bottom-small:20px;\"><h1 class=\"fusion-title-heading title-heading-left fusion-responsive-typography-calculated\" style=\"margin:0;text-transform:none;--fontSize:52;line-height:var(--awb-typography1-line-height);\">PERNOCTAR EN EL CAMPING MIRAMAR FEHMARN<\/h1><\/div><div class=\"fusion-text fusion-text-1\"><p>\u00bfEst\u00e1is de viaje por el norte de Alemania? \u00bfOs vais camino a Escandinavia o ven\u00eds de pasar unas vacaciones all\u00ed? \u00bfNecesit\u00e1is descansar una noche o m\u00e1s y busc\u00e1is un sitio tranquilo y bonito donde quedaros? Aqu\u00ed os recibimos con los brazos abiertos e incluso hablando espa\u00f1ol y, si no, ingl\u00e9s. Tenemos 25 parcelas para autocaravanas \u2013 que no se pueden reservar de antemano, pero si llam\u00e1is cuando ya est\u00e9is de camino os bloqueamos una para vuestra tranquilidad.<\/p>\n<p><b>Instalaciones<\/b><br \/>\nContamos con un chiringuito de playa (excepto en d\u00edas con mal tiempo) que abre a partir de las 14 h, un restaurante con horario de 12 a 14 h y de 18 a 21 h, y una peque\u00f1a tienda de alimentos y cafeter\u00eda donde pod\u00e9is desayunar en un ambiente agradable.<\/p>\n<p><b>Precios<\/b><br \/>\nEn temporada baja la parcela para autocaravanas cuesta 22,00 \u20ac incluyendo dos adultos y electricidad, as\u00ed como duchas gratis. Los adultos, ni\u00f1os y perros se cobran aparte, seg\u00fan la lista de precios (7,50 \u20ac\/adulto, 4,00 \u20ac\/ni\u00f1o, 3,50 \u20ac\/perro).<\/p>\n<p>En temporada alta, el precio por noche es de 12,00 \u20ac por parcela, 3,50 \u20ac electricidad y luego depende del n\u00famero de adultos, ni\u00f1os y perros que se cobrar\u00e1n seg\u00fan la lista de precios.<\/p>\n<p>\u00a1Os esperamos!<\/p>\n<\/div><div ><a class=\"fusion-button button-flat fusion-button-default-size button-default fusion-button-default button-1 fusion-button-default-span fusion-button-default-type\" style=\"--button_margin-top:30px;\" target=\"_self\" href=\"https:\/\/camping-miramar.de\/en\/\"><span class=\"fusion-button-text awb-button__text awb-button__text--default\">M\u00e1s informaci\u00f3n en ingl\u00e9s aqu\u00ed<\/span><\/a><\/div><\/div><\/div><div class=\"fusion-layout-column fusion_builder_column fusion-builder-column-3 fusion_builder_column_1_1 1_1 fusion-flex-column fusion-no-medium-visibility fusion-no-large-visibility\" style=\"--awb-bg-size:cover;--awb-width-large:100%;--awb-margin-top-large:0px;--awb-spacing-right-large:1.92%;--awb-margin-bottom-large:20px;--awb-spacing-left-large:1.92%;--awb-width-medium:100%;--awb-order-medium:0;--awb-spacing-right-medium:1.92%;--awb-spacing-left-medium:1.92%;--awb-width-small:100%;--awb-order-small:1;--awb-spacing-right-small:1.92%;--awb-spacing-left-small:1.92%;\"><div class=\"fusion-column-wrapper fusion-column-has-shadow fusion-flex-justify-content-flex-start fusion-content-layout-column\"><div class=\"fusion-image-element\" style=\"--awb-caption-title-font-family:var(--h2_typography-font-family);--awb-caption-title-font-weight:var(--h2_typography-font-weight);--awb-caption-title-font-style:var(--h2_typography-font-style);--awb-caption-title-size:var(--h2_typography-font-size);--awb-caption-title-transform:var(--h2_typography-text-transform);--awb-caption-title-line-height:var(--h2_typography-line-height);--awb-caption-title-letter-spacing:var(--h2_typography-letter-spacing);\"><span class=\"fusion-imageframe imageframe-none imageframe-2 hover-type-none\"><img decoding=\"async\" width=\"1200\" height=\"800\" alt=\"Camping Miramar\" title=\"Camping Miramar\" src=\"https:\/\/camping-miramar.de\/wp-content\/uploads\/2022\/11\/Wohnmobil_DSC7951.jpg\" data-orig-src=\"https:\/\/camping-miramar.de\/wp-content\/uploads\/2022\/11\/Wohnmobil_DSC7951.jpg\" class=\"lazyload img-responsive wp-image-6620\" srcset=\"data:image\/svg+xml,%3Csvg%20xmlns%3D%27http%3A%2F%2Fwww.w3.org%2F2000%2Fsvg%27%20width%3D%271200%27%20height%3D%27800%27%20viewBox%3D%270%200%201200%20800%27%3E%3Crect%20width%3D%271200%27%20height%3D%27800%27%20fill-opacity%3D%220%22%2F%3E%3C%2Fsvg%3E\" data-srcset=\"https:\/\/camping-miramar.de\/wp-content\/uploads\/2022\/11\/Wohnmobil_DSC7951-200x133.jpg 200w, https:\/\/camping-miramar.de\/wp-content\/uploads\/2022\/11\/Wohnmobil_DSC7951-400x267.jpg 400w, https:\/\/camping-miramar.de\/wp-content\/uploads\/2022\/11\/Wohnmobil_DSC7951-600x400.jpg 600w, https:\/\/camping-miramar.de\/wp-content\/uploads\/2022\/11\/Wohnmobil_DSC7951-800x533.jpg 800w, https:\/\/camping-miramar.de\/wp-content\/uploads\/2022\/11\/Wohnmobil_DSC7951.jpg 1200w\" data-sizes=\"auto\" data-orig-sizes=\"(max-width: 1024px) 100vw, (max-width: 640px) 100vw, 1200px\" \/><\/span><\/div><\/div><\/div><\/div><\/div>","protected":false},"excerpt":{"rendered":"","protected":false},"author":5,"featured_media":7214,"parent":0,"menu_order":0,"comment_status":"closed","ping_status":"closed","template":"100-width.php","meta":{"footnotes":""},"class_list":["post-7243","page","type-page","status-publish","has-post-thumbnail","hentry"],"aioseo_notices":[],"_links":{"self":[{"href":"https:\/\/camping-miramar.de\/en\/wp-json\/wp\/v2\/pages\/7243","targetHints":{"allow":["GET"]}}],"collection":[{"href":"https:\/\/camping-miramar.de\/en\/wp-json\/wp\/v2\/pages"}],"about":[{"href":"https:\/\/camping-miramar.de\/en\/wp-json\/wp\/v2\/types\/page"}],"author":[{"embeddable":true,"href":"https:\/\/camping-miramar.de\/en\/wp-json\/wp\/v2\/users\/5"}],"replies":[{"embeddable":true,"href":"https:\/\/camping-miramar.de\/en\/wp-json\/wp\/v2\/comments?post=7243"}],"version-history":[{"count":13,"href":"https:\/\/camping-miramar.de\/en\/wp-json\/wp\/v2\/pages\/7243\/revisions"}],"predecessor-version":[{"id":7413,"href":"https:\/\/camping-miramar.de\/en\/wp-json\/wp\/v2\/pages\/7243\/revisions\/7413"}],"wp:featuredmedia":[{"embeddable":true,"href":"https:\/\/camping-miramar.de\/en\/wp-json\/wp\/v2\/media\/7214"}],"wp:attachment":[{"href":"https:\/\/camping-miramar.de\/en\/wp-json\/wp\/v2\/media?parent=7243"}],"curies":[{"name":"wp","href":"https:\/\/api.w.org\/{rel}","templated":true}]}}